{"id":132,"date":"2026-01-03T18:19:32","date_gmt":"2026-01-03T17:19:32","guid":{"rendered":"https:\/\/www.crechedesroses.fr\/?page_id=132"},"modified":"2026-01-19T15:01:16","modified_gmt":"2026-01-19T14:01:16","slug":"actualites","status":"publish","type":"page","link":"https:\/\/www.crechedesroses.fr\/index.php\/actualites\/","title":{"rendered":"ACTUALITES"},"content":{"rendered":"\t\t<div data-elementor-type=\"wp-page\" data-elementor-id=\"132\" class=\"elementor elementor-132\">\n\t\t\t\t<div class=\"elementor-element elementor-element-b08c277 e-flex e-con-boxed e-con e-parent \" data-id=\"b08c277\" data-element_type=\"container\" data-e-type=\"container\">\t\t\t<div class=\"e-con-inner\">\r\n\t\t\t\t\t\t\t<h2 \n\t\tdata-interaction-id=\"d58f908\" \n\t\tclass=\"e-heading-base\" \n\t\t \n\t\t\n\t>\n\t\n\t\t\tOuverture en septembre 2026\n\t\t<\/h2>\n\t\t\t\t<div class=\"elementor-element elementor-element-004337d elementor-widget elementor-widget-text-editor\" data-id=\"004337d\" data-element_type=\"widget\" data-e-type=\"widget\" data-widget_type=\"text-editor.default\">\n\t\t\t\t\t\t\t\t\t<p>Suivre l&rsquo;avanc\u00e9e des travaux ici<\/p>\t\t\t\t\t\t\t\t<\/div>\n\t\t\t\t\t<\/div>\r\n\t\t\t\t<\/div>\r\n\t\t<div class=\"elementor-element elementor-element-1101ec1 e-flex e-con-boxed e-con e-parent \" data-id=\"1101ec1\" data-element_type=\"container\" data-e-type=\"container\">\t\t\t<div class=\"e-con-inner\">\r\n\t\t<div class=\"elementor-element elementor-element-199bffd e-con-full e-flex e-con e-child \" data-id=\"199bffd\" data-element_type=\"container\" data-e-type=\"container\">\t\t\t\t\t<h2 \n\t\tdata-interaction-id=\"b8469a6\" \n\t\tclass=\"e-b8469a6-a75e6dd e-heading-base\" \n\t\t \n\t\t\n\t>\n\t\n\t\t\tZoom sur les dipl\u00f4mes\n\t\t<\/h2>\n\t\t\t\t<div class=\"elementor-element elementor-element-b94b143 e-con e-atomic-element e-div-block-base\" data-id=\"b94b143\" data-element_type=\"e-div-block\" data-e-type=\"e-div-block\" data-interaction-id=\"b94b143\">\n\t\t<div class=\"elementor-element elementor-element-1ee95c3 e-grid e-con-boxed e-con e-parent \" data-id=\"1ee95c3\" data-element_type=\"container\" data-e-type=\"container\">\t\t\t<div class=\"e-con-inner\">\r\n\t\t\t\t<div class=\"elementor-element elementor-element-4355f5c elementor-widget__width-initial elementor-widget elementor-widget-text-editor\" data-id=\"4355f5c\" data-element_type=\"widget\" data-e-type=\"widget\" data-widget_type=\"text-editor.default\">\n\t\t\t\t\t\t\t\t\t<p>EJE<\/p>\t\t\t\t\t\t\t\t<\/div>\n\t\t\t\t<div class=\"elementor-element elementor-element-e4868b7 elementor-widget__width-initial elementor-widget elementor-widget-text-editor\" data-id=\"e4868b7\" data-element_type=\"widget\" data-e-type=\"widget\" data-widget_type=\"text-editor.default\">\n\t\t\t\t\t\t\t\t\t<p>AP<\/p>\t\t\t\t\t\t\t\t<\/div>\n\t\t\t\t<div class=\"elementor-element elementor-element-ed44c49 elementor-widget__width-initial elementor-widget elementor-widget-text-editor\" data-id=\"ed44c49\" data-element_type=\"widget\" data-e-type=\"widget\" data-widget_type=\"text-editor.default\">\n\t\t\t\t\t\t\t\t\t<p>CAP AEPE<\/p>\t\t\t\t\t\t\t\t<\/div>\n\t\t\t\t<div class=\"elementor-element elementor-element-a188795 elementor-widget__width-initial elementor-widget elementor-widget-text-editor\" data-id=\"a188795\" data-element_type=\"widget\" data-e-type=\"widget\" data-widget_type=\"text-editor.default\">\n\t\t\t\t\t\t\t\t\t<p>IPDE<\/p>\t\t\t\t\t\t\t\t<\/div>\n\t\t\t\t\t<\/div>\r\n\t\t\t\t<\/div>\r\n\t\t\t\t<\/div>\n\t\t\t\t<\/div>\r\n\t\t\t\t\t<\/div>\r\n\t\t\t\t<\/div>\r\n\t\t<div class=\"elementor-element elementor-element-182a2b7 e-flex e-con-boxed e-con e-parent \" data-id=\"182a2b7\" data-element_type=\"container\" data-e-type=\"container\">\t\t\t<div class=\"e-con-inner\">\r\n\t\t\t\t\t\t\t<h2 \n\t\tdata-interaction-id=\"5fca7b4\" \n\t\tclass=\"e-heading-base\" \n\t\t \n\t\t\n\t>\n\t\n\t\t\tEspace NIDO\n\t\t<\/h2>\n\t\t\t\t<div class=\"elementor-element elementor-element-862c6d4 elementor-widget elementor-widget-text-editor\" data-id=\"862c6d4\" data-element_type=\"widget\" data-e-type=\"widget\" data-widget_type=\"text-editor.default\">\n\t\t\t\t\t\t\t\t\t<p>Articles<\/p>\t\t\t\t\t\t\t\t<\/div>\n\t\t\t\t\t<\/div>\r\n\t\t\t\t<\/div>\r\n\t\t<div class=\"elementor-element elementor-element-e944ee1 e-flex e-con-boxed e-con e-parent \" data-id=\"e944ee1\" data-element_type=\"container\" data-e-type=\"container\">\t\t\t<div class=\"e-con-inner\">\r\n\t\t\t\t\t\t\t<h2 \n\t\tdata-interaction-id=\"478f283\" \n\t\tclass=\"e-heading-base\" \n\t\t \n\t\t\n\t>\n\t\n\t\t\tItin\u00e9rance ludique\n\t\t<\/h2>\n\t\t\t\t<div class=\"elementor-element elementor-element-9ad4d64 elementor-widget elementor-widget-text-editor\" data-id=\"9ad4d64\" data-element_type=\"widget\" data-e-type=\"widget\" data-widget_type=\"text-editor.default\">\n\t\t\t\t\t\t\t\t\t<p>Articles<\/p>\t\t\t\t\t\t\t\t<\/div>\n\t\t\t\t\t<\/div>\r\n\t\t\t\t<\/div>\r\n\t\t<div class=\"elementor-element elementor-element-e2cae8e e-flex e-con-boxed e-con e-parent \" data-id=\"e2cae8e\" data-element_type=\"container\" data-e-type=\"container\">\t\t\t<div class=\"e-con-inner\">\r\n\t\t\t\t\t\t\t<h2 \n\t\tdata-interaction-id=\"5934a29\" \n\t\tclass=\"e-heading-base\" \n\t\t \n\t\t\n\t>\n\t\n\t\t\tQualit\u00e9 de l'air int\u00e9rieur \n\t\t<\/h2>\n\t\t\t\t<div class=\"elementor-element elementor-element-477ddd5 elementor-widget elementor-widget-text-editor\" data-id=\"477ddd5\" data-element_type=\"widget\" data-e-type=\"widget\" data-widget_type=\"text-editor.default\">\n\t\t\t\t\t\t\t\t\t<p>Articles<\/p>\t\t\t\t\t\t\t\t<\/div>\n\t\t\t\t\t<\/div>\r\n\t\t\t\t<\/div>\r\n\t\t<div class=\"elementor-element elementor-element-f608502 e-flex e-con-boxed e-con e-parent \" data-id=\"f608502\" data-element_type=\"container\" data-e-type=\"container\">\t\t\t<div class=\"e-con-inner\">\r\n\t\t\t\t\t\t\t<h2 \n\t\tdata-interaction-id=\"51be08a\" \n\t\tclass=\"e-heading-base\" \n\t\t \n\t\t\n\t>\n\t\n\t\t\tPerturbateurs endocriniens\n\t\t<\/h2>\n\t\t\t\t<div class=\"elementor-element elementor-element-18fca29 elementor-widget elementor-widget-text-editor\" data-id=\"18fca29\" data-element_type=\"widget\" data-e-type=\"widget\" data-widget_type=\"text-editor.default\">\n\t\t\t\t\t\t\t\t\t<p>Articles<\/p>\t\t\t\t\t\t\t\t<\/div>\n\t\t\t\t\t<\/div>\r\n\t\t\t\t<\/div>\r\n\t\t\t\t<\/div>\n\t\t","protected":false},"excerpt":{"rendered":"<p>Ouverture en septembre 2026 Suivre l&rsquo;avanc\u00e9e des travaux ici Zoom sur les dipl\u00f4mes EJE AP CAP AEPE IPDE Espace NIDO Articles Itin\u00e9rance ludique Articles Qualit\u00e9 de l&rsquo;air int\u00e9rieur Articles Perturbateurs endocriniens Articles<\/p>\n","protected":false},"author":1,"featured_media":0,"parent":0,"menu_order":0,"comment_status":"closed","ping_status":"closed","template":"","meta":{"ngg_post_thumbnail":0,"footnotes":""},"class_list":["post-132","page","type-page","status-publish","hentry"],"_links":{"self":[{"href":"https:\/\/www.crechedesroses.fr\/index.php\/wp-json\/wp\/v2\/pages\/132","targetHints":{"allow":["GET"]}}],"collection":[{"href":"https:\/\/www.crechedesroses.fr\/index.php\/wp-json\/wp\/v2\/pages"}],"about":[{"href":"https:\/\/www.crechedesroses.fr\/index.php\/wp-json\/wp\/v2\/types\/page"}],"author":[{"embeddable":true,"href":"https:\/\/www.crechedesroses.fr\/index.php\/wp-json\/wp\/v2\/users\/1"}],"replies":[{"embeddable":true,"href":"https:\/\/www.crechedesroses.fr\/index.php\/wp-json\/wp\/v2\/comments?post=132"}],"version-history":[{"count":26,"href":"https:\/\/www.crechedesroses.fr\/index.php\/wp-json\/wp\/v2\/pages\/132\/revisions"}],"predecessor-version":[{"id":489,"href":"https:\/\/www.crechedesroses.fr\/index.php\/wp-json\/wp\/v2\/pages\/132\/revisions\/489"}],"wp:attachment":[{"href":"https:\/\/www.crechedesroses.fr\/index.php\/wp-json\/wp\/v2\/media?parent=132"}],"curies":[{"name":"wp","href":"https:\/\/api.w.org\/{rel}","templated":true}]}}