{"id":56,"date":"2026-01-02T21:33:36","date_gmt":"2026-01-02T20:33:36","guid":{"rendered":"https:\/\/www.crechedesroses.fr\/?page_id=56"},"modified":"2026-01-19T15:01:39","modified_gmt":"2026-01-19T14:01:39","slug":"description","status":"publish","type":"page","link":"https:\/\/www.crechedesroses.fr\/index.php\/description\/","title":{"rendered":"Cr\u00e8che fait maison"},"content":{"rendered":"\t\t<div data-elementor-type=\"wp-page\" data-elementor-id=\"56\" class=\"elementor elementor-56\">\n\t\t\t\t<div class=\"elementor-element elementor-element-bf920cd e-grid e-con-full e-con e-parent \" data-id=\"bf920cd\" data-element_type=\"container\" data-e-type=\"container\">\t\t<div class=\"elementor-element elementor-element-64518e5 elementor-view-default elementor-position-block-start elementor-mobile-position-block-start elementor-widget elementor-widget-icon-box\" data-id=\"64518e5\" data-element_type=\"widget\" data-e-type=\"widget\" data-widget_type=\"icon-box.default\">\n\t\t\t\t\t\t\t<div class=\"elementor-icon-box-wrapper\">\n\n\t\t\t\t\t\t<div class=\"elementor-icon-box-icon\">\n\t\t\t\t<span  class=\"elementor-icon\">\n\t\t\t\t<svg aria-hidden=\"true\" class=\"e-font-icon-svg e-far-clock\" viewBox=\"0 0 512 512\" xmlns=\"http:\/\/www.w3.org\/2000\/svg\"><path d=\"M256 8C119 8 8 119 8 256s111 248 248 248 248-111 248-248S393 8 256 8zm0 448c-110.5 0-200-89.5-200-200S145.5 56 256 56s200 89.5 200 200-89.5 200-200 200zm61.8-104.4l-84.9-61.7c-3.1-2.3-4.9-5.9-4.9-9.7V116c0-6.6 5.4-12 12-12h32c6.6 0 12 5.4 12 12v141.7l66.8 48.6c5.4 3.9 6.5 11.4 2.6 16.8L334.6 349c-3.9 5.3-11.4 6.5-16.8 2.6z\"><\/path><\/svg>\t\t\t\t<\/span>\n\t\t\t<\/div>\n\t\t\t\n\t\t\t\t\t\t<div class=\"elementor-icon-box-content\">\n\n\t\t\t\t\t\t\t\t\t<h3 class=\"elementor-icon-box-title\">\n\t\t\t\t\t\t<span  >\n\t\t\t\t\t\t\t07h45 - 18h00\t\t\t\t\t\t<\/span>\n\t\t\t\t\t<\/h3>\n\t\t\t\t\n\t\t\t\t\n\t\t\t<\/div>\n\t\t\t\n\t\t<\/div>\n\t\t\t\t\t\t<\/div>\n\t\t\t\t<div class=\"elementor-element elementor-element-e9a67be elementor-view-default elementor-position-block-start elementor-mobile-position-block-start elementor-widget elementor-widget-icon-box\" data-id=\"e9a67be\" data-element_type=\"widget\" data-e-type=\"widget\" data-widget_type=\"icon-box.default\">\n\t\t\t\t\t\t\t<div class=\"elementor-icon-box-wrapper\">\n\n\t\t\t\t\t\t<div class=\"elementor-icon-box-icon\">\n\t\t\t\t<span  class=\"elementor-icon\">\n\t\t\t\t<i aria-hidden=\"true\" class=\"phl phlight-baby\"><\/i>\t\t\t\t<\/span>\n\t\t\t<\/div>\n\t\t\t\n\t\t\t\t\t\t<div class=\"elementor-icon-box-content\">\n\n\t\t\t\t\t\t\t\t\t<h3 class=\"elementor-icon-box-title\">\n\t\t\t\t\t\t<span  >\n\t\t\t\t\t\t\t12 places\t\t\t\t\t\t<\/span>\n\t\t\t\t\t<\/h3>\n\t\t\t\t\n\t\t\t\t\n\t\t\t<\/div>\n\t\t\t\n\t\t<\/div>\n\t\t\t\t\t\t<\/div>\n\t\t\t\t<div class=\"elementor-element elementor-element-0fe3051 elementor-view-default elementor-position-block-start elementor-mobile-position-block-start elementor-widget elementor-widget-icon-box\" data-id=\"0fe3051\" data-element_type=\"widget\" data-e-type=\"widget\" data-widget_type=\"icon-box.default\">\n\t\t\t\t\t\t\t<div class=\"elementor-icon-box-wrapper\">\n\n\t\t\t\t\t\t<div class=\"elementor-icon-box-icon\">\n\t\t\t\t<span  class=\"elementor-icon\">\n\t\t\t\t<svg aria-hidden=\"true\" class=\"e-font-icon-svg e-fas-leaf\" viewBox=\"0 0 576 512\" xmlns=\"http:\/\/www.w3.org\/2000\/svg\"><path d=\"M546.2 9.7c-5.6-12.5-21.6-13-28.3-1.2C486.9 62.4 431.4 96 368 96h-80C182 96 96 182 96 288c0 7 .8 13.7 1.5 20.5C161.3 262.8 253.4 224 384 224c8.8 0 16 7.2 16 16s-7.2 16-16 16C132.6 256 26 410.1 2.4 468c-6.6 16.3 1.2 34.9 17.5 41.6 16.4 6.8 35-1.1 41.8-17.3 1.5-3.6 20.9-47.9 71.9-90.6 32.4 43.9 94 85.8 174.9 77.2C465.5 467.5 576 326.7 576 154.3c0-50.2-10.8-102.2-29.8-144.6z\"><\/path><\/svg>\t\t\t\t<\/span>\n\t\t\t<\/div>\n\t\t\t\n\t\t\t\t\t\t<div class=\"elementor-icon-box-content\">\n\n\t\t\t\t\t\t\t\t\t<h3 class=\"elementor-icon-box-title\">\n\t\t\t\t\t\t<span  >\n\t\t\t\t\t\t\tMaison individuelle avec jardin\t\t\t\t\t\t<\/span>\n\t\t\t\t\t<\/h3>\n\t\t\t\t\n\t\t\t\t\n\t\t\t<\/div>\n\t\t\t\n\t\t<\/div>\n\t\t\t\t\t\t<\/div>\n\t\t\t\t<div class=\"elementor-element elementor-element-49eabd4 elementor-view-default elementor-position-block-start elementor-mobile-position-block-start elementor-widget elementor-widget-icon-box\" data-id=\"49eabd4\" data-element_type=\"widget\" data-e-type=\"widget\" data-widget_type=\"icon-box.default\">\n\t\t\t\t\t\t\t<div class=\"elementor-icon-box-wrapper\">\n\n\t\t\t\t\t\t<div class=\"elementor-icon-box-icon\">\n\t\t\t\t<span  class=\"elementor-icon\">\n\t\t\t\t<i aria-hidden=\"true\" class=\"phl phlight-fork-knife\"><\/i>\t\t\t\t<\/span>\n\t\t\t<\/div>\n\t\t\t\n\t\t\t\t\t\t<div class=\"elementor-icon-box-content\">\n\n\t\t\t\t\t\t\t\t\t<h3 class=\"elementor-icon-box-title\">\n\t\t\t\t\t\t<span  >\n\t\t\t\t\t\t\tRepas cuisin\u00e9s sur place\t\t\t\t\t\t<\/span>\n\t\t\t\t\t<\/h3>\n\t\t\t\t\n\t\t\t\t\n\t\t\t<\/div>\n\t\t\t\n\t\t<\/div>\n\t\t\t\t\t\t<\/div>\n\t\t\t\t<div class=\"elementor-element elementor-element-6ce9c2f elementor-view-default elementor-position-block-start elementor-mobile-position-block-start elementor-widget elementor-widget-icon-box\" data-id=\"6ce9c2f\" data-element_type=\"widget\" data-e-type=\"widget\" data-widget_type=\"icon-box.default\">\n\t\t\t\t\t\t\t<div class=\"elementor-icon-box-wrapper\">\n\n\t\t\t\t\t\t<div class=\"elementor-icon-box-icon\">\n\t\t\t\t<span  class=\"elementor-icon\">\n\t\t\t\t<svg aria-hidden=\"true\" class=\"e-font-icon-svg e-fas-cut\" viewBox=\"0 0 448 512\" xmlns=\"http:\/\/www.w3.org\/2000\/svg\"><path d=\"M278.06 256L444.48 89.57c4.69-4.69 4.69-12.29 0-16.97-32.8-32.8-85.99-32.8-118.79 0L210.18 188.12l-24.86-24.86c4.31-10.92 6.68-22.81 6.68-35.26 0-53.02-42.98-96-96-96S0 74.98 0 128s42.98 96 96 96c4.54 0 8.99-.32 13.36-.93L142.29 256l-32.93 32.93c-4.37-.61-8.83-.93-13.36-.93-53.02 0-96 42.98-96 96s42.98 96 96 96 96-42.98 96-96c0-12.45-2.37-24.34-6.68-35.26l24.86-24.86L325.69 439.4c32.8 32.8 85.99 32.8 118.79 0 4.69-4.68 4.69-12.28 0-16.97L278.06 256zM96 160c-17.64 0-32-14.36-32-32s14.36-32 32-32 32 14.36 32 32-14.36 32-32 32zm0 256c-17.64 0-32-14.36-32-32s14.36-32 32-32 32 14.36 32 32-14.36 32-32 32z\"><\/path><\/svg>\t\t\t\t<\/span>\n\t\t\t<\/div>\n\t\t\t\n\t\t\t\t\t\t<div class=\"elementor-icon-box-content\">\n\n\t\t\t\t\t\t\t\t\t<h3 class=\"elementor-icon-box-title\">\n\t\t\t\t\t\t<span  >\n\t\t\t\t\t\t\tOuverture Septembre 2026\t\t\t\t\t\t<\/span>\n\t\t\t\t\t<\/h3>\n\t\t\t\t\n\t\t\t\t\n\t\t\t<\/div>\n\t\t\t\n\t\t<\/div>\n\t\t\t\t\t\t<\/div>\n\t\t\t\t<\/div>\r\n\t\t<div class=\"elementor-element elementor-element-0e16185 e-flex e-con-boxed e-con e-parent \" data-id=\"0e16185\" data-element_type=\"container\" data-e-type=\"container\">\t\t\t<div class=\"e-con-inner\">\r\n\t\t\t\t\t\t\t<h1 \n\t\tdata-interaction-id=\"f974f97\" \n\t\tclass=\"e-f974f97-c0fa767 e-heading-base\" \n\t\t \n\t\t\n\t>\n\t\n\t\t\tL'equipe\n\t\t<\/h1>\n\t\t\t\t<div class=\"elementor-element elementor-element-1393629 e-con e-atomic-element e-div-block-base\" data-id=\"1393629\" data-element_type=\"e-div-block\" data-e-type=\"e-div-block\" data-interaction-id=\"1393629\">\n\t\t<div class=\"elementor-element elementor-element-f753045 e-grid e-con-boxed e-con e-parent \" data-id=\"f753045\" data-element_type=\"container\" data-e-type=\"container\">\t\t\t<div class=\"e-con-inner\">\r\n\t\t\t\t<div class=\"elementor-element elementor-element-eb2ebe6 elementor-widget__width-initial elementor-widget elementor-widget-text-editor\" data-id=\"eb2ebe6\" data-element_type=\"widget\" data-e-type=\"widget\" data-widget_type=\"text-editor.default\">\n\t\t\t\t\t\t\t\t\t<p>Un(e) \u00e9ducateur\u00b7trice de jeunes enfants<\/p>\t\t\t\t\t\t\t\t<\/div>\n\t\t\t\t<div class=\"elementor-element elementor-element-c2fe72b elementor-widget__width-initial elementor-widget elementor-widget-text-editor\" data-id=\"c2fe72b\" data-element_type=\"widget\" data-e-type=\"widget\" data-widget_type=\"text-editor.default\">\n\t\t\t\t\t\t\t\t\t<p>Un(e) auxiliaire de pu\u00e9riculture<\/p>\t\t\t\t\t\t\t\t<\/div>\n\t\t\t\t<div class=\"elementor-element elementor-element-410d44d elementor-widget__width-initial elementor-widget elementor-widget-text-editor\" data-id=\"410d44d\" data-element_type=\"widget\" data-e-type=\"widget\" data-widget_type=\"text-editor.default\">\n\t\t\t\t\t\t\t\t\t<p>2 animateurs\u00b7rices petite enfance<\/p>\t\t\t\t\t\t\t\t<\/div>\n\t\t\t\t<div class=\"elementor-element elementor-element-bf9eaa7 elementor-widget__width-initial elementor-widget elementor-widget-text-editor\" data-id=\"bf9eaa7\" data-element_type=\"widget\" data-e-type=\"widget\" data-widget_type=\"text-editor.default\">\n\t\t\t\t\t\t\t\t\t<p>Un(e) infirmier\u00b7\u00e8re pu\u00e9riculteur\u00b7rice<\/p>\t\t\t\t\t\t\t\t<\/div>\n\t\t\t\t\t<\/div>\r\n\t\t\t\t<\/div>\r\n\t\t\t\t<\/div>\n\t\t\t\t\t<\/div>\r\n\t\t\t\t<\/div>\r\n\t\t<div class=\"elementor-element elementor-element-7de2d2bc e-flex e-con-boxed e-con e-parent \" data-id=\"7de2d2bc\" data-element_type=\"container\" data-e-type=\"container\">\t\t\t<div class=\"e-con-inner\">\r\n\t\t\t\t<div class=\"elementor-element elementor-element-78017bd e-con e-atomic-element e-flexbox-base\" data-id=\"78017bd\" data-element_type=\"e-flexbox\" data-e-type=\"e-flexbox\" data-interaction-id=\"78017bd\">\n\t\t\t\t\t\t\t<h1 \n\t\tdata-interaction-id=\"e732c50\" \n\t\tclass=\"e-e732c50-ca25a0a e-heading-base\" \n\t\t \n\t\t\n\t>\n\t\n\t\t\tLA CRECHE\n\t\t<\/h1>\n\t\t\t\t<\/div>\n\t\t\t\t<div class=\"elementor-element elementor-element-26af3bd9 elementor-widget elementor-widget-text-editor\" data-id=\"26af3bd9\" data-element_type=\"widget\" data-e-type=\"widget\" data-widget_type=\"text-editor.default\">\n\t\t\t\t\t\t\t\t\t<h1>\u00ab\u00a0Fait maison\u00a0\u00bb<\/h1><p><span style=\"font-family: Roboto, sans-serif; font-weight: 400; font-size: 18px;\">La cr\u00e8che des roses accueille votre enfant dans une maison individuelle avec jardin afin de lui offrir des rep\u00e8res familiers. Sa d\u00e9coration, le choix de ses mat\u00e9riaux naturels et son am\u00e9nagement cr\u00e9ent un cocon de douceur autour de lui. Elle dispose d&rsquo;un ext\u00e9rieur et les locaux sont pens\u00e9s pour la qualit\u00e9 de l&rsquo;air int\u00e9rieur (QAI).<\/span><\/p><p><!-- \/wp:paragraph --><!-- wp:paragraph --><\/p><p>Les repas sont chaque jour pr\u00e9par\u00e9s sur place par les professionnels. Les menus sont travaill\u00e9s avec un di\u00e9t\u00e9ticien et se nourrissent des envies des enfants et des adultes qui les entourent. Les aliments sont le plus possible frais \/ bio \/ locaux.\u00a0Et une r\u00e9flexion est men\u00e9e sur le lien alimentation et perturbateurs endocriniens.<\/p><h1><span style=\"font-family: 'Amatic SC'; text-align: center;\">Nos valeurs<\/span><\/h1><p><!-- \/wp:heading --><!-- wp:paragraph --><\/p><ul><li>l&rsquo;accompagnement \u00e0 la parentalit\u00e9 et la protection de l&rsquo;enfance<\/li><li>la d\u00e9couverte du monde, de l&rsquo;autonomie, de l&rsquo;individualit\u00e9<\/li><li>l&rsquo;inclusion<\/li><li>le lien social et interg\u00e9n\u00e9rationnel<\/li><li>le bien-\u00eatre au travail<\/li><\/ul><p><!-- \/wp:paragraph --><!-- wp:paragraph --><\/p><p><!-- \/wp:paragraph --><!-- wp:heading {\"textAlign\":\"center\"} --><\/p><h1>Notre plus<\/h1><p><!-- \/wp:heading --><!-- wp:paragraph --><\/p><p>Un projet de famille : une gestionnaire infirmi\u00e8re pu\u00e9ricultrice et son mari m\u00e9decin anesth\u00e9siste qui ont connu les d\u00e9fis de la garde d&rsquo;enfants.\u00a0<\/p><p><!-- \/wp:paragraph --><\/p>\t\t\t\t\t\t\t\t<\/div>\n\t\t\t\t\t<\/div>\r\n\t\t\t\t<\/div>\r\n\t\t<div class=\"elementor-element elementor-element-365b57a e-flex e-con-boxed e-con e-parent \" data-id=\"365b57a\" data-element_type=\"container\" data-e-type=\"container\">\t\t\t<div class=\"e-con-inner\">\r\n\t\t\t\t\t\t\t<h1 \n\t\tdata-interaction-id=\"cd23483\" \n\t\tclass=\"e-cd23483-5255a6b e-heading-base\" \n\t\t \n\t\t\n\t>\n\t\n\t\t\tNOTRE LOCALISATION\n\t\t<\/h1>\n\t\t<div class=\"elementor-element elementor-element-f26573f e-con-full e-flex e-con e-child \" data-id=\"f26573f\" data-element_type=\"container\" data-e-type=\"container\"><div class=\"elementor-element elementor-element-87eb425 e-con-full e-flex e-con e-child \" data-id=\"87eb425\" data-element_type=\"container\" data-e-type=\"container\"><div class=\"elementor-element elementor-element-c5e5202 e-con-full e-flex e-con e-child \" data-id=\"c5e5202\" data-element_type=\"container\" data-e-type=\"container\">\t\t<div class=\"elementor-element elementor-element-f17d0d6 elementor-widget elementor-widget-google_maps\" data-id=\"f17d0d6\" data-element_type=\"widget\" data-e-type=\"widget\" data-widget_type=\"google_maps.default\">\n\t\t\t\t\t\t\t<div class=\"elementor-custom-embed\">\n\t\t\t<iframe loading=\"lazy\"\n\t\t\t\t\tsrc=\"https:\/\/maps.google.com\/maps?q=26%20rue%20des%20roses%2C%2069500&#038;t=m&#038;z=14&#038;output=embed&#038;iwloc=near\"\n\t\t\t\t\ttitle=\"26 rue des roses, 69500\"\n\t\t\t\t\taria-label=\"26 rue des roses, 69500\"\n\t\t\t><\/iframe>\n\t\t<\/div>\n\t\t\t\t\t\t<\/div>\n\t\t\t\t<\/div>\r\n\t\t<div class=\"elementor-element elementor-element-811145b e-con-full e-flex e-con e-child \" data-id=\"811145b\" data-element_type=\"container\" data-e-type=\"container\"><div class=\"elementor-element elementor-element-2eebc20 e-con-full e-flex e-con e-child \" data-id=\"2eebc20\" data-element_type=\"container\" data-e-type=\"container\">\t\t<div class=\"elementor-element elementor-element-3ab7cd2 elementor-widget elementor-widget-text-editor\" data-id=\"3ab7cd2\" data-element_type=\"widget\" data-e-type=\"widget\" data-widget_type=\"text-editor.default\">\n\t\t\t\t\t\t\t\t\t<p>Dans un quartier r\u00e9sidentiel, proche de\u00a0<\/p><p>&#8211; la m\u00e9diath\u00e8que Jean Prevost<\/p><p>&#8211; du tram T2 et T5 (Boutasse &#8211; C. Rousset)<\/p><p>&#8211; d&rsquo;un parking gratuit<\/p>\t\t\t\t\t\t\t\t<\/div>\n\t\t\t\t<\/div>\r\n\t\t\t\t<\/div>\r\n\t\t\t\t<\/div>\r\n\t\t\t\t<\/div>\r\n\t\t\t\t\t<\/div>\r\n\t\t\t\t<\/div>\r\n\t\t<div class=\"elementor-element elementor-element-2b7b83f e-flex e-con-boxed e-con e-parent \" data-id=\"2b7b83f\" data-element_type=\"container\" data-e-type=\"container\">\t\t\t<div class=\"e-con-inner\">\r\n\t\t\t\t\t\t\t<h1 \n\t\tdata-interaction-id=\"ef81c4f\" \n\t\tclass=\"e-ef81c4f-6cb16f4 e-heading-base\" \n\t\t \n\t\t\n\t>\n\t\n\t\t\tNOS PARTENAIRES\n\t\t<\/h1>\n\t\t\t\t\t<\/div>\r\n\t\t\t\t<\/div>\r\n\t\t<div class=\"elementor-element elementor-element-8d75c4d e-grid e-con-boxed e-con e-parent \" data-id=\"8d75c4d\" data-element_type=\"container\" data-e-type=\"container\">\t\t\t<div class=\"e-con-inner\">\r\n\t\t<div class=\"elementor-element elementor-element-1876c50 e-con-full e-flex e-con e-child \" data-id=\"1876c50\" data-element_type=\"container\" data-e-type=\"container\">\t\t\t\t\t<h2 \n\t\tdata-interaction-id=\"20c8500\" \n\t\tclass=\"e-20c8500-0b8b197 e-heading-base\" \n\t\t \n\t\t\n\t>\n\t\n\t\t\tCAF\n\t\t<\/h2>\n\t\t\t\t<div class=\"elementor-element elementor-element-519f92f e-con e-atomic-element e-div-block-base\" data-id=\"519f92f\" data-element_type=\"e-div-block\" data-e-type=\"e-div-block\" data-interaction-id=\"519f92f\">\n\t\t\t\t\t\t\t\n\t\t<img class=\"e-image-base e-93523dd-2869a2c\" \n\t\t\t\t\tdata-interaction-id=\"93523dd\" \n\t\t \n\t\t \n\t\t\t\t\t\t\t\t\tid=\"406\"\n\t\t\t\t\t\t\t\t\t\t\t\tsrc=\"https:\/\/www.crechedesroses.fr\/wp-content\/uploads\/2026\/01\/CAF-logo-150x150.png\"\n\t\t\t\t\t\t\t\t\t\t\t\twidth=\"150\"\n\t\t\t\t\t\t\t\t\t\t\t\theight=\"150\"\n\t\t\t\t\t\t\t\t\t\t\t\tsrcset=\"\"\n\t\t\t\t\t\t\t\t\t\t\t\talt=\"\"\n\t\t\t\t\t\t\/>\n\t\t\t\t\t<\/div>\n\t\t\t\t<\/div>\r\n\t\t<div class=\"elementor-element elementor-element-8dae32b e-con-full e-flex e-con e-child \" data-id=\"8dae32b\" data-element_type=\"container\" data-e-type=\"container\">\t\t\t\t\t<h2 \n\t\tdata-interaction-id=\"c4b4549\" \n\t\tclass=\"e-c4b4549-360ea30 e-heading-base\" \n\t\t \n\t\t\n\t>\n\t\n\t\t\tVILLE DE BRON\n\t\t<\/h2>\n\t\t\t\t<div class=\"elementor-element elementor-element-c433df1 e-con e-atomic-element e-div-block-base\" data-id=\"c433df1\" data-element_type=\"e-div-block\" data-e-type=\"e-div-block\" data-interaction-id=\"c433df1\">\n\t\t\t\t\t\t\t\n\t\t<img class=\"e-image-base e-7084fae-3a1d372\" \n\t\t\t\t\tdata-interaction-id=\"7084fae\" \n\t\t \n\t\t \n\t\t\t\t\t\t\t\t\tid=\"404\"\n\t\t\t\t\t\t\t\t\t\t\t\tsrc=\"https:\/\/www.crechedesroses.fr\/wp-content\/uploads\/2026\/01\/bron-150x150.jpg\"\n\t\t\t\t\t\t\t\t\t\t\t\twidth=\"150\"\n\t\t\t\t\t\t\t\t\t\t\t\theight=\"150\"\n\t\t\t\t\t\t\t\t\t\t\t\tsrcset=\"https:\/\/www.crechedesroses.fr\/wp-content\/uploads\/2026\/01\/bron-150x150.jpg 150w, https:\/\/www.crechedesroses.fr\/wp-content\/uploads\/2026\/01\/bron-300x300.jpg 300w, https:\/\/www.crechedesroses.fr\/wp-content\/uploads\/2026\/01\/bron.jpg 600w\"\n\t\t\t\t\t\t\t\t\t\t\t\talt=\"\"\n\t\t\t\t\t\t\/>\n\t\t\t\t\t<\/div>\n\t\t\t\t<\/div>\r\n\t\t<div class=\"elementor-element elementor-element-ea3c48d e-con-full e-flex e-con e-child \" data-id=\"ea3c48d\" data-element_type=\"container\" data-e-type=\"container\">\t\t\t\t\t<h2 \n\t\tdata-interaction-id=\"bfa59db\" \n\t\tclass=\"e-bfa59db-662a670 e-heading-base\" \n\t\t \n\t\t\n\t>\n\t\n\t\t\tM\u00e9tropole de LYON\n\t\t<\/h2>\n\t\t\t\t<div class=\"elementor-element elementor-element-8f1c07b e-con e-atomic-element e-div-block-base\" data-id=\"8f1c07b\" data-element_type=\"e-div-block\" data-e-type=\"e-div-block\" data-interaction-id=\"8f1c07b\">\n\t\t\t\t\t\t\t\n\t\t<img class=\"e-image-base e-6e3058b-e31e982\" \n\t\t\t\t\tdata-interaction-id=\"6e3058b\" \n\t\t \n\t\t \n\t\t\t\t\t\t\t\t\tid=\"407\"\n\t\t\t\t\t\t\t\t\t\t\t\tsrc=\"https:\/\/www.crechedesroses.fr\/wp-content\/uploads\/2026\/01\/logo-grand-lyon-metropole-150x150.webp\"\n\t\t\t\t\t\t\t\t\t\t\t\twidth=\"150\"\n\t\t\t\t\t\t\t\t\t\t\t\theight=\"150\"\n\t\t\t\t\t\t\t\t\t\t\t\tsrcset=\"https:\/\/www.crechedesroses.fr\/wp-content\/uploads\/2026\/01\/logo-grand-lyon-metropole-150x150.webp 150w, https:\/\/www.crechedesroses.fr\/wp-content\/uploads\/2026\/01\/logo-grand-lyon-metropole.webp 300w\"\n\t\t\t\t\t\t\t\t\t\t\t\talt=\"\"\n\t\t\t\t\t\t\/>\n\t\t\t\t\t<\/div>\n\t\t\t\t<\/div>\r\n\t\t\t\t\t<\/div>\r\n\t\t\t\t<\/div>\r\n\t\t\t\t<\/div>\n\t\t","protected":false},"excerpt":{"rendered":"<p>07h45 &#8211; 18h00 12 places Maison individuelle avec jardin Repas cuisin\u00e9s sur place Ouverture Septembre 2026 L&rsquo;equipe Un(e) \u00e9ducateur\u00b7trice de jeunes enfants Un(e) auxiliaire de pu\u00e9riculture 2 animateurs\u00b7rices petite enfance Un(e) infirmier\u00b7\u00e8re pu\u00e9riculteur\u00b7rice LA CRECHE \u00ab\u00a0Fait maison\u00a0\u00bb La cr\u00e8che des roses accueille votre enfant dans une maison individuelle avec jardin afin de lui offrir des&hellip;<\/p>\n","protected":false},"author":1,"featured_media":0,"parent":0,"menu_order":0,"comment_status":"closed","ping_status":"closed","template":"","meta":{"ngg_post_thumbnail":0,"footnotes":""},"class_list":["post-56","page","type-page","status-publish","hentry"],"_links":{"self":[{"href":"https:\/\/www.crechedesroses.fr\/index.php\/wp-json\/wp\/v2\/pages\/56","targetHints":{"allow":["GET"]}}],"collection":[{"href":"https:\/\/www.crechedesroses.fr\/index.php\/wp-json\/wp\/v2\/pages"}],"about":[{"href":"https:\/\/www.crechedesroses.fr\/index.php\/wp-json\/wp\/v2\/types\/page"}],"author":[{"embeddable":true,"href":"https:\/\/www.crechedesroses.fr\/index.php\/wp-json\/wp\/v2\/users\/1"}],"replies":[{"embeddable":true,"href":"https:\/\/www.crechedesroses.fr\/index.php\/wp-json\/wp\/v2\/comments?post=56"}],"version-history":[{"count":67,"href":"https:\/\/www.crechedesroses.fr\/index.php\/wp-json\/wp\/v2\/pages\/56\/revisions"}],"predecessor-version":[{"id":491,"href":"https:\/\/www.crechedesroses.fr\/index.php\/wp-json\/wp\/v2\/pages\/56\/revisions\/491"}],"wp:attachment":[{"href":"https:\/\/www.crechedesroses.fr\/index.php\/wp-json\/wp\/v2\/media?parent=56"}],"curies":[{"name":"wp","href":"https:\/\/api.w.org\/{rel}","templated":true}]}}