{"id":86,"date":"2026-01-03T15:51:28","date_gmt":"2026-01-03T14:51:28","guid":{"rendered":"https:\/\/www.crechedesroses.fr\/?page_id=86"},"modified":"2026-01-19T15:02:32","modified_gmt":"2026-01-19T14:02:32","slug":"qui-sommes-nous","status":"publish","type":"page","link":"https:\/\/www.crechedesroses.fr\/index.php\/qui-sommes-nous\/","title":{"rendered":"QUI SOMMES NOUS?"},"content":{"rendered":"\t\t<div data-elementor-type=\"wp-page\" data-elementor-id=\"86\" class=\"elementor elementor-86\">\n\t\t\t\t\t\t<div class=\"elementor-element elementor-element-0d6ef0d e-con e-atomic-element e-flexbox-base e-0d6ef0d-0811c68\" data-id=\"0d6ef0d\" data-element_type=\"e-flexbox\" data-e-type=\"e-flexbox\" data-interaction-id=\"0d6ef0d\">\n\t\t<div class=\"elementor-element elementor-element-ba59562 e-con-full e-flex e-con e-parent \" data-id=\"ba59562\" data-element_type=\"container\" data-e-type=\"container\">\t\t\t\t\t<h2 \n\t\tdata-interaction-id=\"05070f6\" \n\t\tclass=\"e-heading-base\" \n\t\t \n\t\t\n\t>\n\t\n\t\t\tNOTRE PEDAGOGIE\n\t\t<\/h2>\n\t\t\t\t<div class=\"elementor-element elementor-element-ae4d47a elementor-widget elementor-widget-text-editor\" data-id=\"ae4d47a\" data-element_type=\"widget\" data-e-type=\"widget\" data-widget_type=\"text-editor.default\">\n\t\t\t\t\t\t\t\t\t<p>Elle se r\u00e9sume par une de nos valeurs principales, la d\u00e9couverte:\u00a0<\/p><ul><li>Du monde : des espaces d&rsquo;itin\u00e9rances ludiques, d\u00e9finis et encadr\u00e9s par un adulte (symbolique, artistique, sensorielle, moteur&#8230;)\u00a0\u00a0<\/li><li>De l&rsquo;autonomie: un espace NIDO pour les non marcheurs, puis un am\u00e9nagement \u00e0 hauteur d&rsquo;enfant pour chaque acte de la vie quotidienne.<\/li><li>De l&rsquo;individualit\u00e9: une mat\u00e9rialisation de la place de chaque famille par l&rsquo;identification des espaces (vestiaires, lit, change, cr\u00e9ation) et le r\u00e9cit de la journ\u00e9e de l&rsquo;enfant (transmissions, journal d&rsquo;anecdotes)<\/li><\/ul>\t\t\t\t\t\t\t\t<\/div>\n\t\t\t\t<\/div>\r\n\t\t\t\t<\/div>\n\t\t\t\t<div class=\"elementor-element elementor-element-3e4e2bb e-con e-atomic-element e-flexbox-base e-3e4e2bb-261ac35\" data-id=\"3e4e2bb\" data-element_type=\"e-flexbox\" data-e-type=\"e-flexbox\" data-interaction-id=\"3e4e2bb\">\n\t\t<div class=\"elementor-element elementor-element-fee7f71 e-con-full e-flex e-con e-parent \" data-id=\"fee7f71\" data-element_type=\"container\" data-e-type=\"container\">\t\t\t\t\t<h2 \n\t\tdata-interaction-id=\"78098b7\" \n\t\tclass=\"e-heading-base\" \n\t\t \n\t\t\n\t>\n\t\n\t\t\tNOTRE HISTOIRE\n\t\t<\/h2>\n\t\t\t\t<div class=\"elementor-element elementor-element-f3a2cee elementor-widget elementor-widget-text-editor\" data-id=\"f3a2cee\" data-element_type=\"widget\" data-e-type=\"widget\" data-widget_type=\"text-editor.default\">\n\t\t\t\t\t\t\t\t\t<p>L&rsquo;histoire d&rsquo;un couple de parents confront\u00e9 au manque d&rsquo;offres d&rsquo;accueil collectif du jeune enfant qui a construit une vision d&rsquo;une cr\u00e8che dans leur commune en se nourrissant de leurs exp\u00e9riences professionnelles (m\u00e9dical et param\u00e9dical), parentales (3 enfants) et de leurs convictions (\u00e9cologiques et soci\u00e9tales).<\/p><p>L&rsquo;histoire d&rsquo;une gestionnaire, infirmi\u00e8re pu\u00e9ricultrice et brondillante qui construit ce projet depuis de nombreuses ann\u00e9es.\u00a0<\/p>\t\t\t\t\t\t\t\t<\/div>\n\t\t\t\t<\/div>\r\n\t\t\t\t<\/div>\n\t\t\t\t<\/div>\n\t\t","protected":false},"excerpt":{"rendered":"<p>NOTRE PEDAGOGIE Elle se r\u00e9sume par une de nos valeurs principales, la d\u00e9couverte:\u00a0 Du monde : des espaces d&rsquo;itin\u00e9rances ludiques, d\u00e9finis et encadr\u00e9s par un adulte (symbolique, artistique, sensorielle, moteur&#8230;)\u00a0\u00a0 De l&rsquo;autonomie: un espace NIDO pour les non marcheurs, puis un am\u00e9nagement \u00e0 hauteur d&rsquo;enfant pour chaque acte de la vie quotidienne. De l&rsquo;individualit\u00e9: une&hellip;<\/p>\n","protected":false},"author":1,"featured_media":0,"parent":0,"menu_order":1,"comment_status":"closed","ping_status":"closed","template":"","meta":{"ngg_post_thumbnail":0,"footnotes":""},"class_list":["post-86","page","type-page","status-publish","hentry"],"_links":{"self":[{"href":"https:\/\/www.crechedesroses.fr\/index.php\/wp-json\/wp\/v2\/pages\/86","targetHints":{"allow":["GET"]}}],"collection":[{"href":"https:\/\/www.crechedesroses.fr\/index.php\/wp-json\/wp\/v2\/pages"}],"about":[{"href":"https:\/\/www.crechedesroses.fr\/index.php\/wp-json\/wp\/v2\/types\/page"}],"author":[{"embeddable":true,"href":"https:\/\/www.crechedesroses.fr\/index.php\/wp-json\/wp\/v2\/users\/1"}],"replies":[{"embeddable":true,"href":"https:\/\/www.crechedesroses.fr\/index.php\/wp-json\/wp\/v2\/comments?post=86"}],"version-history":[{"count":24,"href":"https:\/\/www.crechedesroses.fr\/index.php\/wp-json\/wp\/v2\/pages\/86\/revisions"}],"predecessor-version":[{"id":496,"href":"https:\/\/www.crechedesroses.fr\/index.php\/wp-json\/wp\/v2\/pages\/86\/revisions\/496"}],"wp:attachment":[{"href":"https:\/\/www.crechedesroses.fr\/index.php\/wp-json\/wp\/v2\/media?parent=86"}],"curies":[{"name":"wp","href":"https:\/\/api.w.org\/{rel}","templated":true}]}}