{"id":97,"date":"2026-01-03T16:20:48","date_gmt":"2026-01-03T15:20:48","guid":{"rendered":"https:\/\/www.crechedesroses.fr\/?page_id=97"},"modified":"2026-01-19T15:02:02","modified_gmt":"2026-01-19T14:02:02","slug":"parents","status":"publish","type":"page","link":"https:\/\/www.crechedesroses.fr\/index.php\/parents\/","title":{"rendered":"PARENTS"},"content":{"rendered":"\t\t<div data-elementor-type=\"wp-page\" data-elementor-id=\"97\" class=\"elementor elementor-97\">\n\t\t\t\t\t\t<div class=\"elementor-element elementor-element-2e73f4a e-con e-atomic-element e-flexbox-base e-2e73f4a-4dee998\" data-id=\"2e73f4a\" data-element_type=\"e-flexbox\" data-e-type=\"e-flexbox\" data-interaction-id=\"2e73f4a\">\n\t\t\t\t\t\t\t<h2 \n\t\tdata-interaction-id=\"86d6027\" \n\t\tclass=\"e-heading-base\" \n\t\t \n\t\t\n\t>\n\t\n\t\t\tPourquoi choisir la cr\u00e8che des roses? \n\t\t<\/h2>\n\t\t\t\t<div class=\"elementor-element elementor-element-7e4e5bf elementor-widget elementor-widget-text-editor\" data-id=\"7e4e5bf\" data-element_type=\"widget\" data-e-type=\"widget\" data-widget_type=\"text-editor.default\">\n\t\t\t\t\t\t\t\t\t<ul><li>P\u00e9n\u00e9trez dans une maison \u00e0 taille humaine avec 12 enfants au maximum et au minimum un adulte pour 6 enfants.\u00a0<\/li><li>Appropriez vous tous les espaces d\u00e9di\u00e9s aux enfants en toute transparence (dortoir, salle de change, salle de repas&#8230;)<\/li><li>Soyez acteur de l&rsquo;accueil de votre enfant en partageant vos exp\u00e9riences, vos talents, vos interrogations. A la cr\u00e8che des roses, on accueille un enfant et sa famille (parents, fratrie, grands-parents) convaincus de la force de la co\u00e9ducation dans le d\u00e9veloppement des jeunes enfants.\u00a0\u00a0<\/li><\/ul>\t\t\t\t\t\t\t\t<\/div>\n\t\t\t\t<\/div>\n\t\t<div class=\"elementor-element elementor-element-00148b6 e-flex e-con-boxed e-con e-parent \" data-id=\"00148b6\" data-element_type=\"container\" data-e-type=\"container\">\t\t\t<div class=\"e-con-inner\">\r\n\t\t\t\t\t\t\t<h2 \n\t\tdata-interaction-id=\"daaf1e8\" \n\t\tclass=\"e-heading-base\" \n\t\t \n\t\t\n\t>\n\t\n\t\t\tType d'accueil\n\t\t<\/h2>\n\t\t\t\t<div class=\"elementor-element elementor-element-ee66f3d elementor-widget elementor-widget-text-editor\" data-id=\"ee66f3d\" data-element_type=\"widget\" data-e-type=\"widget\" data-widget_type=\"text-editor.default\">\n\t\t\t\t\t\t\t\t\t<ul><li>L&rsquo;accueil r\u00e9gulier : de 1\u00e0 5 jours par semaine r\u00e9serv\u00e9e, vacances scolaires incluses.<\/li><li>L&rsquo;accueil d&rsquo;urgence : 1 ou plusieurs jours ponctuels, vacances scolaires incluses. Minimum 1 jour par semaine.\u00a0<\/li><li>L&rsquo;accueil occasionnel :\u00a0en cas d&rsquo;urgence (perte de mode de garde, hospitalisation d&rsquo;un parent ou de votre assistante maternelle) pour une dur\u00e9e limit\u00e9e.\u00a0<\/li><\/ul>\t\t\t\t\t\t\t\t<\/div>\n\t\t\t\t<div class=\"elementor-element elementor-element-10a9a14 elementor-widget elementor-widget-text-editor\" data-id=\"10a9a14\" data-element_type=\"widget\" data-e-type=\"widget\" data-widget_type=\"text-editor.default\">\n\t\t\t\t\t\t\t\t\t<p>Dans le souci du bien-\u00eatre des enfants, l&rsquo;accueil se fait en journ\u00e9e compl\u00e8te (pas de demi-journ\u00e9e).<\/p>\t\t\t\t\t\t\t\t<\/div>\n\t\t\t\t\t<\/div>\r\n\t\t\t\t<\/div>\r\n\t\t<div class=\"elementor-element elementor-element-d39d02b e-flex e-con-boxed e-con e-parent \" data-id=\"d39d02b\" data-element_type=\"container\" data-e-type=\"container\">\t\t\t<div class=\"e-con-inner\">\r\n\t\t\t\t\t\t\t<h2 \n\t\tdata-interaction-id=\"35472b3\" \n\t\tclass=\"e-heading-base\" \n\t\t \n\t\t\n\t>\n\t\n\t\t\tTARIFS\n\t\t<\/h2>\n\t\t\t\t\t\t\t\t<p class=\"e-paragraph-base\" data-interaction-id=\"0862745\"  >\n\t\t\t\t\t\t\t\tIls comprennent:\n\t\t\t\t\t<\/p>\n\t\t<div class=\"elementor-element elementor-element-cedd204 e-grid e-con-full e-con e-child \" data-id=\"cedd204\" data-element_type=\"container\" data-e-type=\"container\"><div class=\"elementor-element elementor-element-fcd8b35 e-grid e-con-full e-con e-child \" data-id=\"fcd8b35\" data-element_type=\"container\" data-e-type=\"container\">\t\t<div class=\"elementor-element elementor-element-d635f20 elementor-view-default elementor-widget elementor-widget-icon\" data-id=\"d635f20\" data-element_type=\"widget\" data-e-type=\"widget\" data-widget_type=\"icon.default\">\n\t\t\t\t\t\t\t<div class=\"elementor-icon-wrapper\">\n\t\t\t<div class=\"elementor-icon\">\n\t\t\t<i aria-hidden=\"true\" class=\"phl phlight-fork-knife\"><\/i>\t\t\t<\/div>\n\t\t<\/div>\n\t\t\t\t\t\t<\/div>\n\t\t\t\t\t\t\t\t<p class=\"e-d2b4400-dab99ad e-paragraph-base\" data-interaction-id=\"d2b4400\"  >\n\t\t\t\t\t\t\t\tRepas cuisin\u00e9 sur place\n\nFRAIS \/ BIO\/ LOCAL\n\t\t\t\t\t<\/p>\n\t\t\t\t<\/div>\r\n\t\t<div class=\"elementor-element elementor-element-d9bca86 e-grid e-con-full e-con e-child \" data-id=\"d9bca86\" data-element_type=\"container\" data-e-type=\"container\">\t\t<div class=\"elementor-element elementor-element-aef3ef1 elementor-view-default elementor-widget elementor-widget-icon\" data-id=\"aef3ef1\" data-element_type=\"widget\" data-e-type=\"widget\" data-widget_type=\"icon.default\">\n\t\t\t\t\t\t\t<div class=\"elementor-icon-wrapper\">\n\t\t\t<div class=\"elementor-icon\">\n\t\t\t<svg aria-hidden=\"true\" class=\"e-font-icon-svg e-fas-baby\" viewBox=\"0 0 384 512\" xmlns=\"http:\/\/www.w3.org\/2000\/svg\"><path d=\"M192 160c44.2 0 80-35.8 80-80S236.2 0 192 0s-80 35.8-80 80 35.8 80 80 80zm-53.4 248.8l25.6-32-61.5-51.2L56.8 383c-11.4 14.2-11.7 34.4-.8 49l48 64c7.9 10.5 19.9 16 32 16 8.3 0 16.8-2.6 24-8 17.7-13.2 21.2-38.3 8-56l-29.4-39.2zm142.7-83.2l-61.5 51.2 25.6 32L216 448c-13.2 17.7-9.7 42.8 8 56 7.2 5.4 15.6 8 24 8 12.2 0 24.2-5.5 32-16l48-64c10.9-14.6 10.6-34.8-.8-49l-45.9-57.4zM376.7 145c-12.7-18.1-37.6-22.4-55.7-9.8l-40.6 28.5c-52.7 37-124.2 37-176.8 0L63 135.3C44.9 122.6 20 127 7.3 145-5.4 163.1-1 188 17 200.7l40.6 28.5c17 11.9 35.4 20.9 54.4 27.9V288h160v-30.8c19-7 37.4-16 54.4-27.9l40.6-28.5c18.1-12.8 22.4-37.7 9.7-55.8z\"><\/path><\/svg>\t\t\t<\/div>\n\t\t<\/div>\n\t\t\t\t\t\t<\/div>\n\t\t\t\t\t\t\t\t<p class=\"e-6067fe2-07a6902 e-paragraph-base\" data-interaction-id=\"6067fe2\"  >\n\t\t\t\t\t\t\t\tCouches \u00e9cologiques\n\t\t\t\t\t<\/p>\n\t\t\t\t<\/div>\r\n\t\t<div class=\"elementor-element elementor-element-ad71773 e-grid e-con-full e-con e-child \" data-id=\"ad71773\" data-element_type=\"container\" data-e-type=\"container\">\t\t<div class=\"elementor-element elementor-element-5b96954 elementor-view-default elementor-widget elementor-widget-icon\" data-id=\"5b96954\" data-element_type=\"widget\" data-e-type=\"widget\" data-widget_type=\"icon.default\">\n\t\t\t\t\t\t\t<div class=\"elementor-icon-wrapper\">\n\t\t\t<div class=\"elementor-icon\">\n\t\t\t<svg aria-hidden=\"true\" class=\"e-font-icon-svg e-fas-pump-soap\" viewBox=\"0 0 384 512\" xmlns=\"http:\/\/www.w3.org\/2000\/svg\"><path d=\"M235.63,160H84.37a64,64,0,0,0-63.74,58.21L.27,442.21A64,64,0,0,0,64,512H256a64,64,0,0,0,63.74-69.79l-20.36-224A64,64,0,0,0,235.63,160ZM160,416c-33.12,0-60-26.33-60-58.75,0-25,35.7-75.47,52-97.27A10,10,0,0,1,168,260c16.33,21.8,52,72.27,52,97.27C220,389.67,193.12,416,160,416ZM379.31,94.06,336,50.74A64,64,0,0,0,290.75,32H224A32,32,0,0,0,192,0H128A32,32,0,0,0,96,32v96H224V96h66.75l43.31,43.31a16,16,0,0,0,22.63,0l22.62-22.62A16,16,0,0,0,379.31,94.06Z\"><\/path><\/svg>\t\t\t<\/div>\n\t\t<\/div>\n\t\t\t\t\t\t<\/div>\n\t\t\t\t\t\t\t\t<p class=\"e-c67c866-21d7c28 e-paragraph-base\" data-interaction-id=\"c67c866\"  >\n\t\t\t\t\t\t\t\tProduits d'hygi\u00e8ne sans perturbateurs endocriniens\n\t\t\t\t\t<\/p>\n\t\t\t\t<\/div>\r\n\t\t<div class=\"elementor-element elementor-element-2acacd9 e-grid e-con-full e-con e-child \" data-id=\"2acacd9\" data-element_type=\"container\" data-e-type=\"container\">\t\t<div class=\"elementor-element elementor-element-efc5c7c elementor-view-default elementor-widget elementor-widget-icon\" data-id=\"efc5c7c\" data-element_type=\"widget\" data-e-type=\"widget\" data-widget_type=\"icon.default\">\n\t\t\t\t\t\t\t<div class=\"elementor-icon-wrapper\">\n\t\t\t<div class=\"elementor-icon\">\n\t\t\t<svg aria-hidden=\"true\" class=\"e-font-icon-svg e-fas-coffee\" viewBox=\"0 0 640 512\" xmlns=\"http:\/\/www.w3.org\/2000\/svg\"><path d=\"M192 384h192c53 0 96-43 96-96h32c70.6 0 128-57.4 128-128S582.6 32 512 32H120c-13.3 0-24 10.7-24 24v232c0 53 43 96 96 96zM512 96c35.3 0 64 28.7 64 64s-28.7 64-64 64h-32V96h32zm47.7 384H48.3c-47.6 0-61-64-36-64h583.3c25 0 11.8 64-35.9 64z\"><\/path><\/svg>\t\t\t<\/div>\n\t\t<\/div>\n\t\t\t\t\t\t<\/div>\n\t\t\t\t\t\t\t\t<p class=\"e-06c1f78-a494570 e-paragraph-base\" data-interaction-id=\"06c1f78\"  >\n\t\t\t\t\t\t\t\tAcc\u00e8s \u00e0 des caf\u00e9s parents\n\t\t\t\t\t<\/p>\n\t\t\t\t<\/div>\r\n\t\t\t\t<\/div>\r\n\t\t\t\t\t\t\t\t<p class=\"e-paragraph-base\" data-interaction-id=\"77d9aba\"  >\n\t\t\t\t\t\t\t\tLa cr\u00e8che des roses est une cr\u00e8che priv\u00e9e qui ne re\u00e7oit de financement ni de la CAF ni de la ville. Cependant, chaque famille peut se faire aider par la CAF et le cr\u00e9dit d'imp\u00f4t. \n\t\t\t\t\t<\/p>\n\t\t\t\t\t<\/div>\r\n\t\t\t\t<\/div>\r\n\t\t<div class=\"elementor-element elementor-element-b1e9dd1 e-grid e-con-boxed e-con e-parent \" data-id=\"b1e9dd1\" data-element_type=\"container\" data-e-type=\"container\">\t\t\t<div class=\"e-con-inner\">\r\n\t\t\t\t\t    \t            <a\n            \t\t\thref=\"https:\/\/monenfant.fr\/simuler-le-cout-en-creche\"\n        target=\"_blank\"\n            class=\"e-9a407ec-f2feb7d e-button-base\"\n            data-interaction-id=\"9a407ec\"\n             \n        >\n            SIMULATEUR DE CO\u00dbT\n        <\/a>\n    \t\t\t\t\t    \t            <a\n            \t\t\thref=\"https:\/\/www.caf.fr\/allocataires\/aides-et-demarches\/droits-et-prestations\/vie-personnelle\/le-complement-de-libre-choix-du-mode-de-garde-cmg\"\n        target=\"_blank\"\n            class=\"e-3617d6d-125f9a5 e-button-base\"\n            data-interaction-id=\"3617d6d\"\n             \n        >\n            AIDE DE LA CAF\n        <\/a>\n    \t\t\t\t\t    \t            <a\n            \t\t\thref=\"https:\/\/www.impots.gouv.fr\/particulier\/questions\/je-fais-garder-mon-jeune-enfant-lexterieur-du-domicile-que-puis-je-deduire#:~:text=Le%20cr%C3%A9dit%20d'imp%C3%B4t%20s,imp%C3%B4t%20maximum%20de%20875%20%E2%82%AC.\"\n        target=\"_blank\"\n            class=\"e-917a299-bd70f1e e-button-base\"\n            data-interaction-id=\"917a299\"\n             \n        >\n            cr\u00e9dit d'imp\u00f4t\n        <\/a>\n    \t\t\t\t\t<\/div>\r\n\t\t\t\t<\/div>\r\n\t\t\t\t<\/div>\n\t\t","protected":false},"excerpt":{"rendered":"<p>Pourquoi choisir la cr\u00e8che des roses? P\u00e9n\u00e9trez dans une maison \u00e0 taille humaine avec 12 enfants au maximum et au minimum un adulte pour 6 enfants.\u00a0 Appropriez vous tous les espaces d\u00e9di\u00e9s aux enfants en toute transparence (dortoir, salle de change, salle de repas&#8230;) Soyez acteur de l&rsquo;accueil de votre enfant en partageant vos exp\u00e9riences,&hellip;<\/p>\n","protected":false},"author":1,"featured_media":0,"parent":0,"menu_order":0,"comment_status":"closed","ping_status":"closed","template":"","meta":{"ngg_post_thumbnail":0,"footnotes":""},"class_list":["post-97","page","type-page","status-publish","hentry"],"_links":{"self":[{"href":"https:\/\/www.crechedesroses.fr\/index.php\/wp-json\/wp\/v2\/pages\/97","targetHints":{"allow":["GET"]}}],"collection":[{"href":"https:\/\/www.crechedesroses.fr\/index.php\/wp-json\/wp\/v2\/pages"}],"about":[{"href":"https:\/\/www.crechedesroses.fr\/index.php\/wp-json\/wp\/v2\/types\/page"}],"author":[{"embeddable":true,"href":"https:\/\/www.crechedesroses.fr\/index.php\/wp-json\/wp\/v2\/users\/1"}],"replies":[{"embeddable":true,"href":"https:\/\/www.crechedesroses.fr\/index.php\/wp-json\/wp\/v2\/comments?post=97"}],"version-history":[{"count":38,"href":"https:\/\/www.crechedesroses.fr\/index.php\/wp-json\/wp\/v2\/pages\/97\/revisions"}],"predecessor-version":[{"id":493,"href":"https:\/\/www.crechedesroses.fr\/index.php\/wp-json\/wp\/v2\/pages\/97\/revisions\/493"}],"wp:attachment":[{"href":"https:\/\/www.crechedesroses.fr\/index.php\/wp-json\/wp\/v2\/media?parent=97"}],"curies":[{"name":"wp","href":"https:\/\/api.w.org\/{rel}","templated":true}]}}